{"id":18,"date":"2018-02-02T00:47:10","date_gmt":"2018-02-01T23:47:10","guid":{"rendered":"https:\/\/energydancers.de\/?page_id=18"},"modified":"2019-03-22T23:41:59","modified_gmt":"2019-03-22T22:41:59","slug":"referenzen","status":"publish","type":"page","link":"https:\/\/energydancers.de\/en\/referenzen\/","title":{"rendered":"References"},"content":{"rendered":"<div id=\"accordion-1\" class=\"accordion no-js\">\n\t\t\t\t\t<h3 role=\"button\" id=\"accordion-1-t1\" class=\"accordion-title js-accordion-controller\" aria-controls=\"accordion-1-c1\" aria-expanded=\"false\" tabindex=\"0\" data-initialstate=\"open\">\n\t\t\t\tThe Energy Dancers\t\t\t<\/h3>\n\t\t\n\t\t<div id=\"accordion-1-c1\" class=\"accordion-content\" aria-hidden=\"true\">\n\t\t\t<\/p>\n<p>set new standards with their incomparable style, perfect choreographies and costumes as a unique component in professional show and revue dance.<\/p>\n<p>Our repertoire includes more than 100 different choreographies. There is quilting, rocking, parodying, dancing to tango and waltz and the spectator is lead into a fascinating world of glamour. Sometimes it is the Charleston period of the 20&#8217;s\/30&#8217;s, sometimes the enchanting Parisian life with dancing in the style of the legendary &#8220;LIDO&#8221; with intoxicating feathers, rhinestones and esprit. Hot rhythms, colorful costumes remind of the Carnival de Brasil. With &#8220;Riverdance&#8221; and Celtic sounds it goes on a journey into the land of the green islands.<\/p>\n<p>\t\t<\/div>\n\n\t\t\n\t\t\t\t\t<h3 role=\"button\" id=\"accordion-1-t2\" class=\"accordion-title js-accordion-controller\" aria-controls=\"accordion-1-c2\" aria-expanded=\"false\" tabindex=\"0\" data-initialstate=\"closed\">\n\t\t\t\tReferences\t\t\t<\/h3>\n\t\t\n\t\t<div id=\"accordion-1-c2\" class=\"accordion-content\" aria-hidden=\"true\">\n\t\t\t<\/p>\n<ul class=\"ref\">\n<li>MDR &#8220;Meine Stars&#8221; mit Stefanie Hertel<\/li>\n<li>MDR &#8220;Schlagerwelt&#8221; mit Ross Anthony<\/li>\n<li>ZDF Fernsehgarten<\/li>\n<li>Beelitzer Festspiele &#8220;Wei\u00dfes R\u00f6ssl&#8221;, &#8220;Frau Luna&#8221;<\/li>\n<li>Taschenlampenkonzert Waldb\u00fchne (20.000 Zuschauer)<\/li>\n<li>Zwickauer \u00c4rzteball<\/li>\n<li>Casinoball Koblenz<\/li>\n<li>Landesindustrieball Sachsen<\/li>\n<li>Mercedes Benz, Lido-Show mit 30 T\u00e4nzerinnen, (Z\u00fcrich)<\/li>\n<li>Weihnachtsgalas, Polster &amp; Pohl<\/li>\n<\/ul>\n<p>\t\t<\/div>\n\n\t\t\n\t\t\t\t\t<h3 role=\"button\" id=\"accordion-1-t3\" class=\"accordion-title js-accordion-controller\" aria-controls=\"accordion-1-c3\" aria-expanded=\"false\" tabindex=\"0\" data-initialstate=\"closed\">\n\t\t\t\tCustomers \/ Business Partners\t\t\t<\/h3>\n\t\t\n\t\t<div id=\"accordion-1-c3\" class=\"accordion-content\" aria-hidden=\"true\">\n\t\t\t<\/p>\n<ul class=\"ref\">\n<li>Siemens<\/li>\n<li>BMW<\/li>\n<li>Allianz<\/li>\n<li>Mercedes Benz<\/li>\n<li>Gazprom<\/li>\n<li>Sparkasse<\/li>\n<li>Deutsche Bank<\/li>\n<li>Bayer AG<\/li>\n<li>Fulda<\/li>\n<li>Bosch<\/li>\n<li>Rotk\u00e4ppchen Sektkellerei<\/li>\n<\/ul>\n<p>\t\t<\/div>\n\n\t\t<\/div>\n","protected":false},"excerpt":{"rendered":"","protected":false},"author":1,"featured_media":0,"parent":0,"menu_order":0,"comment_status":"closed","ping_status":"closed","template":"","meta":{"footnotes":""},"translation":{"provider":"WPGlobus","version":"2.12.2","language":"en","enabled_languages":["de","en"],"languages":{"de":{"title":true,"content":true,"excerpt":false},"en":{"title":true,"content":true,"excerpt":false}}},"yoast_head":"<!-- This site is optimized with the Yoast SEO plugin v22.5 - https:\/\/yoast.com\/wordpress\/plugins\/seo\/ -->\n<title>Referenzen Energy Dancers Berlin - Information, Gesch\u00e4ftspartner<\/title>\n<meta name=\"robots\" content=\"index, follow, max-snippet:-1, max-image-preview:large, max-video-preview:-1\" \/>\n<link rel=\"canonical\" href=\"https:\/\/energydancers.de\/referenzen\/\" \/>\n<meta property=\"og:locale\" content=\"en_GB\" \/>\n<meta property=\"og:type\" content=\"article\" \/>\n<meta property=\"og:title\" content=\"References - Energy Dancers Berlin\" \/>\n<meta property=\"og:url\" content=\"https:\/\/energydancers.de\/referenzen\/\" \/>\n<meta property=\"og:site_name\" content=\"Energy Dancers Berlin\" \/>\n<meta property=\"article:publisher\" content=\"https:\/\/www.facebook.com\/Energy-Dancers-1796226503971854\/\" \/>\n<meta property=\"article:modified_time\" content=\"2019-03-22T22:41:59+00:00\" \/>\n<meta name=\"twitter:card\" content=\"summary_large_image\" \/>\n<meta name=\"twitter:label1\" content=\"Estimated reading time\" \/>\n\t<meta name=\"twitter:data1\" content=\"2 minutes\" \/>\n<script type=\"application\/ld+json\" class=\"yoast-schema-graph\">{\"@context\":\"https:\/\/schema.org\",\"@graph\":[{\"@type\":\"WebPage\",\"@id\":\"https:\/\/energydancers.de\/referenzen\/\",\"url\":\"https:\/\/energydancers.de\/referenzen\/\",\"name\":\"Referenzen Energy Dancers Berlin - Information, Gesch\u00e4ftspartner\",\"isPartOf\":{\"@id\":\"https:\/\/energydancers.de\/#website\"},\"datePublished\":\"2018-02-01T23:47:10+00:00\",\"dateModified\":\"2019-03-22T22:41:59+00:00\",\"description\":\"Die Energy Dancers setzen mit ihrem unvergleichlichen Stil, perfekten Choreografien und Kost\u00fcmen neue Ma\u00dfst\u00e4be als einzigartiger Bestandteil im professionellen Show- und Revuetanz. Sehen Sie unsere Referenzen.\",\"breadcrumb\":{\"@id\":\"https:\/\/energydancers.de\/referenzen\/#breadcrumb\"},\"inLanguage\":\"en-GB\",\"potentialAction\":[{\"@type\":\"ReadAction\",\"target\":[\"https:\/\/energydancers.de\/referenzen\/\"]}]},{\"@type\":\"BreadcrumbList\",\"@id\":\"https:\/\/energydancers.de\/referenzen\/#breadcrumb\",\"itemListElement\":[{\"@type\":\"ListItem\",\"position\":1,\"name\":\"Startseite\",\"item\":\"https:\/\/energydancers.de\/\"},{\"@type\":\"ListItem\",\"position\":2,\"name\":\"Referenzen\"}]},{\"@type\":\"WebSite\",\"@id\":\"https:\/\/energydancers.de\/#website\",\"url\":\"https:\/\/energydancers.de\/\",\"name\":\"Energy Dancers Berlin\",\"description\":\"Showballett\",\"publisher\":{\"@id\":\"https:\/\/energydancers.de\/#organization\"},\"potentialAction\":[{\"@type\":\"SearchAction\",\"target\":{\"@type\":\"EntryPoint\",\"urlTemplate\":\"https:\/\/energydancers.de\/?s={search_term_string}\"},\"query-input\":\"required name=search_term_string\"}],\"inLanguage\":\"en-GB\"},{\"@type\":\"Organization\",\"@id\":\"https:\/\/energydancers.de\/#organization\",\"name\":\"Energy Dancers Berlin\",\"url\":\"https:\/\/energydancers.de\/\",\"logo\":{\"@type\":\"ImageObject\",\"inLanguage\":\"en-GB\",\"@id\":\"https:\/\/energydancers.de\/#\/schema\/logo\/image\/\",\"url\":\"https:\/\/energydancers.de\/wp-content\/uploads\/2018\/02\/logo_large.png\",\"contentUrl\":\"https:\/\/energydancers.de\/wp-content\/uploads\/2018\/02\/logo_large.png\",\"width\":582,\"height\":198,\"caption\":\"Energy Dancers Berlin\"},\"image\":{\"@id\":\"https:\/\/energydancers.de\/#\/schema\/logo\/image\/\"},\"sameAs\":[\"https:\/\/www.facebook.com\/Energy-Dancers-1796226503971854\/\",\"https:\/\/www.instagram.com\/energy.dancers.berlin\/\"]}]}<\/script>\n<!-- \/ Yoast SEO plugin. -->","yoast_head_json":{"title":"Referenzen Energy Dancers Berlin - Information, Gesch\u00e4ftspartner","robots":{"index":"index","follow":"follow","max-snippet":"max-snippet:-1","max-image-preview":"max-image-preview:large","max-video-preview":"max-video-preview:-1"},"canonical":"https:\/\/energydancers.de\/referenzen\/","og_locale":"en_GB","og_type":"article","og_title":"References - Energy Dancers Berlin","og_url":"https:\/\/energydancers.de\/referenzen\/","og_site_name":"Energy Dancers Berlin","article_publisher":"https:\/\/www.facebook.com\/Energy-Dancers-1796226503971854\/","article_modified_time":"2019-03-22T22:41:59+00:00","twitter_card":"summary_large_image","twitter_misc":{"Estimated reading time":"2 minutes"},"schema":{"@context":"https:\/\/schema.org","@graph":[{"@type":"WebPage","@id":"https:\/\/energydancers.de\/referenzen\/","url":"https:\/\/energydancers.de\/referenzen\/","name":"Referenzen Energy Dancers Berlin - Information, Gesch\u00e4ftspartner","isPartOf":{"@id":"https:\/\/energydancers.de\/#website"},"datePublished":"2018-02-01T23:47:10+00:00","dateModified":"2019-03-22T22:41:59+00:00","description":"Die Energy Dancers setzen mit ihrem unvergleichlichen Stil, perfekten Choreografien und Kost\u00fcmen neue Ma\u00dfst\u00e4be als einzigartiger Bestandteil im professionellen Show- und Revuetanz. Sehen Sie unsere Referenzen.","breadcrumb":{"@id":"https:\/\/energydancers.de\/referenzen\/#breadcrumb"},"inLanguage":"en-GB","potentialAction":[{"@type":"ReadAction","target":["https:\/\/energydancers.de\/referenzen\/"]}]},{"@type":"BreadcrumbList","@id":"https:\/\/energydancers.de\/referenzen\/#breadcrumb","itemListElement":[{"@type":"ListItem","position":1,"name":"Startseite","item":"https:\/\/energydancers.de\/"},{"@type":"ListItem","position":2,"name":"Referenzen"}]},{"@type":"WebSite","@id":"https:\/\/energydancers.de\/#website","url":"https:\/\/energydancers.de\/","name":"Energy Dancers Berlin","description":"Showballett","publisher":{"@id":"https:\/\/energydancers.de\/#organization"},"potentialAction":[{"@type":"SearchAction","target":{"@type":"EntryPoint","urlTemplate":"https:\/\/energydancers.de\/?s={search_term_string}"},"query-input":"required name=search_term_string"}],"inLanguage":"en-GB"},{"@type":"Organization","@id":"https:\/\/energydancers.de\/#organization","name":"Energy Dancers Berlin","url":"https:\/\/energydancers.de\/","logo":{"@type":"ImageObject","inLanguage":"en-GB","@id":"https:\/\/energydancers.de\/#\/schema\/logo\/image\/","url":"https:\/\/energydancers.de\/wp-content\/uploads\/2018\/02\/logo_large.png","contentUrl":"https:\/\/energydancers.de\/wp-content\/uploads\/2018\/02\/logo_large.png","width":582,"height":198,"caption":"Energy Dancers Berlin"},"image":{"@id":"https:\/\/energydancers.de\/#\/schema\/logo\/image\/"},"sameAs":["https:\/\/www.facebook.com\/Energy-Dancers-1796226503971854\/","https:\/\/www.instagram.com\/energy.dancers.berlin\/"]}]}},"_links":{"self":[{"href":"https:\/\/energydancers.de\/en\/wp-json\/wp\/v2\/pages\/18"}],"collection":[{"href":"https:\/\/energydancers.de\/en\/wp-json\/wp\/v2\/pages"}],"about":[{"href":"https:\/\/energydancers.de\/en\/wp-json\/wp\/v2\/types\/page"}],"author":[{"embeddable":true,"href":"https:\/\/energydancers.de\/en\/wp-json\/wp\/v2\/users\/1"}],"replies":[{"embeddable":true,"href":"https:\/\/energydancers.de\/en\/wp-json\/wp\/v2\/comments?post=18"}],"version-history":[{"count":14,"href":"https:\/\/energydancers.de\/en\/wp-json\/wp\/v2\/pages\/18\/revisions"}],"predecessor-version":[{"id":1432,"href":"https:\/\/energydancers.de\/en\/wp-json\/wp\/v2\/pages\/18\/revisions\/1432"}],"wp:attachment":[{"href":"https:\/\/energydancers.de\/en\/wp-json\/wp\/v2\/media?parent=18"}],"curies":[{"name":"wp","href":"https:\/\/api.w.org\/{rel}","templated":true}]}}