{"id":727,"date":"2018-03-08T23:30:11","date_gmt":"2018-03-08T22:30:11","guid":{"rendered":"https:\/\/energydancers.de\/?page_id=727"},"modified":"2019-04-18T17:09:14","modified_gmt":"2019-04-18T15:09:14","slug":"cancan","status":"publish","type":"page","link":"https:\/\/energydancers.de\/en\/repertoire\/revue\/cancan\/","title":{"rendered":"Revue <br>Cancan"},"content":{"rendered":"<h3>The mood bomb<\/h3>\n<p>Created around 1830 in Paris, the cancan soon turned into an erotic stage dance. Especially because one could look under the skirts of the dancers, the cancan was then forbidden, but this did not detract from its popularity.<\/p>\n<div id=\"accordion-1\" class=\"accordion no-js\"><br \/>\n\n\t\t\t\t\t<h4 role=\"button\" id=\"accordion-1-t1\" class=\"accordion-title js-accordion-controller\" aria-controls=\"accordion-1-c1\" aria-expanded=\"false\" tabindex=\"0\" data-initialstate=\"open\">\n\t\t\t\tBilder\t\t\t<\/h4>\n\t\t\n\t\t<div id=\"accordion-1-c1\" class=\"accordion-content\" aria-hidden=\"true\">\n\t\t\t<br \/>\n<br \/>\n\t\t<\/div>\n\n\t\t<br \/>\n\n\t\t\t\t\t<h4 role=\"button\" id=\"accordion-1-t2\" class=\"accordion-title js-accordion-controller\" aria-controls=\"accordion-1-c2\" aria-expanded=\"false\" tabindex=\"0\" data-initialstate=\"closed\">\n\t\t\t\tVideos\t\t\t<\/h4>\n\t\t\n\t\t<div id=\"accordion-1-c2\" class=\"accordion-content\" aria-hidden=\"true\">\n\t\t\t<br \/>\n<br \/>\n\t\t<\/div>\n\n\t\t<\/div>\n<div><a href=\"https:\/\/energydancers.de\/en\/repertoire\/revue\/\">back<\/a><\/div>\n","protected":false},"excerpt":{"rendered":"<p>The mood bomb Created around 1830 in Paris, the cancan soon turned into an erotic stage dance. Especially because one could look under the skirts of the dancers, the cancan was then forbidden, but this did not detract from its popularity. back<\/p>\n","protected":false},"author":1,"featured_media":0,"parent":186,"menu_order":0,"comment_status":"closed","ping_status":"closed","template":"","meta":{"footnotes":""},"translation":{"provider":"WPGlobus","version":"2.12.2","language":"en","enabled_languages":["de","en"],"languages":{"de":{"title":true,"content":true,"excerpt":false},"en":{"title":true,"content":true,"excerpt":false}}},"yoast_head":"<!-- This site is optimized with the Yoast SEO plugin v22.5 - https:\/\/yoast.com\/wordpress\/plugins\/seo\/ -->\n<title>Energy Dancers Berlin - Revue - Cancan<\/title>\n<meta name=\"robots\" content=\"index, follow, max-snippet:-1, max-image-preview:large, max-video-preview:-1\" \/>\n<link rel=\"canonical\" href=\"https:\/\/energydancers.de\/repertoire\/revue\/cancan\/\" \/>\n<meta property=\"og:locale\" content=\"en_GB\" \/>\n<meta property=\"og:type\" content=\"article\" \/>\n<meta property=\"og:title\" content=\"Revue Cancan - Energy Dancers Berlin\" \/>\n<meta property=\"og:url\" content=\"https:\/\/energydancers.de\/repertoire\/revue\/cancan\/\" \/>\n<meta property=\"og:site_name\" content=\"Energy Dancers Berlin\" \/>\n<meta property=\"article:publisher\" content=\"https:\/\/www.facebook.com\/Energy-Dancers-1796226503971854\/\" \/>\n<meta property=\"article:modified_time\" content=\"2019-04-18T15:09:14+00:00\" \/>\n<meta name=\"twitter:card\" content=\"summary_large_image\" \/>\n<meta name=\"twitter:label1\" content=\"Estimated reading time\" \/>\n\t<meta name=\"twitter:data1\" content=\"1 minute\" \/>\n<script type=\"application\/ld+json\" class=\"yoast-schema-graph\">{\"@context\":\"https:\/\/schema.org\",\"@graph\":[{\"@type\":\"WebPage\",\"@id\":\"https:\/\/energydancers.de\/repertoire\/revue\/cancan\/\",\"url\":\"https:\/\/energydancers.de\/repertoire\/revue\/cancan\/\",\"name\":\"Energy Dancers Berlin - Revue - Cancan\",\"isPartOf\":{\"@id\":\"https:\/\/energydancers.de\/#website\"},\"datePublished\":\"2018-03-08T22:30:11+00:00\",\"dateModified\":\"2019-04-18T15:09:14+00:00\",\"description\":\"Entstanden um 1830 in Paris, wandelte sich der Cancan bald zum erotischen B\u00fchnenschautanz. Besonders weil man den T\u00e4nzerinnen dabei unter die R\u00f6cke schauen konnte, wurde der Cancan daraufhin verboten, was seiner Beliebtheit aber keinen Abbruch tat.\",\"breadcrumb\":{\"@id\":\"https:\/\/energydancers.de\/repertoire\/revue\/cancan\/#breadcrumb\"},\"inLanguage\":\"en-GB\",\"potentialAction\":[{\"@type\":\"ReadAction\",\"target\":[\"https:\/\/energydancers.de\/repertoire\/revue\/cancan\/\"]}]},{\"@type\":\"BreadcrumbList\",\"@id\":\"https:\/\/energydancers.de\/repertoire\/revue\/cancan\/#breadcrumb\",\"itemListElement\":[{\"@type\":\"ListItem\",\"position\":1,\"name\":\"Startseite\",\"item\":\"https:\/\/energydancers.de\/\"},{\"@type\":\"ListItem\",\"position\":2,\"name\":\"Repertoire\",\"item\":\"https:\/\/energydancers.de\/repertoire\/\"},{\"@type\":\"ListItem\",\"position\":3,\"name\":\"Revue\",\"item\":\"https:\/\/energydancers.de\/repertoire\/revue\/\"},{\"@type\":\"ListItem\",\"position\":4,\"name\":\"Revue Cancan\"}]},{\"@type\":\"WebSite\",\"@id\":\"https:\/\/energydancers.de\/#website\",\"url\":\"https:\/\/energydancers.de\/\",\"name\":\"Energy Dancers Berlin\",\"description\":\"Showballett\",\"publisher\":{\"@id\":\"https:\/\/energydancers.de\/#organization\"},\"potentialAction\":[{\"@type\":\"SearchAction\",\"target\":{\"@type\":\"EntryPoint\",\"urlTemplate\":\"https:\/\/energydancers.de\/?s={search_term_string}\"},\"query-input\":\"required name=search_term_string\"}],\"inLanguage\":\"en-GB\"},{\"@type\":\"Organization\",\"@id\":\"https:\/\/energydancers.de\/#organization\",\"name\":\"Energy Dancers Berlin\",\"url\":\"https:\/\/energydancers.de\/\",\"logo\":{\"@type\":\"ImageObject\",\"inLanguage\":\"en-GB\",\"@id\":\"https:\/\/energydancers.de\/#\/schema\/logo\/image\/\",\"url\":\"https:\/\/energydancers.de\/wp-content\/uploads\/2018\/02\/logo_large.png\",\"contentUrl\":\"https:\/\/energydancers.de\/wp-content\/uploads\/2018\/02\/logo_large.png\",\"width\":582,\"height\":198,\"caption\":\"Energy Dancers Berlin\"},\"image\":{\"@id\":\"https:\/\/energydancers.de\/#\/schema\/logo\/image\/\"},\"sameAs\":[\"https:\/\/www.facebook.com\/Energy-Dancers-1796226503971854\/\",\"https:\/\/www.instagram.com\/energy.dancers.berlin\/\"]}]}<\/script>\n<!-- \/ Yoast SEO plugin. -->","yoast_head_json":{"title":"Energy Dancers Berlin - Revue - Cancan","robots":{"index":"index","follow":"follow","max-snippet":"max-snippet:-1","max-image-preview":"max-image-preview:large","max-video-preview":"max-video-preview:-1"},"canonical":"https:\/\/energydancers.de\/repertoire\/revue\/cancan\/","og_locale":"en_GB","og_type":"article","og_title":"Revue Cancan - Energy Dancers Berlin","og_url":"https:\/\/energydancers.de\/repertoire\/revue\/cancan\/","og_site_name":"Energy Dancers Berlin","article_publisher":"https:\/\/www.facebook.com\/Energy-Dancers-1796226503971854\/","article_modified_time":"2019-04-18T15:09:14+00:00","twitter_card":"summary_large_image","twitter_misc":{"Estimated reading time":"1 minute"},"schema":{"@context":"https:\/\/schema.org","@graph":[{"@type":"WebPage","@id":"https:\/\/energydancers.de\/repertoire\/revue\/cancan\/","url":"https:\/\/energydancers.de\/repertoire\/revue\/cancan\/","name":"Energy Dancers Berlin - Revue - Cancan","isPartOf":{"@id":"https:\/\/energydancers.de\/#website"},"datePublished":"2018-03-08T22:30:11+00:00","dateModified":"2019-04-18T15:09:14+00:00","description":"Entstanden um 1830 in Paris, wandelte sich der Cancan bald zum erotischen B\u00fchnenschautanz. Besonders weil man den T\u00e4nzerinnen dabei unter die R\u00f6cke schauen konnte, wurde der Cancan daraufhin verboten, was seiner Beliebtheit aber keinen Abbruch tat.","breadcrumb":{"@id":"https:\/\/energydancers.de\/repertoire\/revue\/cancan\/#breadcrumb"},"inLanguage":"en-GB","potentialAction":[{"@type":"ReadAction","target":["https:\/\/energydancers.de\/repertoire\/revue\/cancan\/"]}]},{"@type":"BreadcrumbList","@id":"https:\/\/energydancers.de\/repertoire\/revue\/cancan\/#breadcrumb","itemListElement":[{"@type":"ListItem","position":1,"name":"Startseite","item":"https:\/\/energydancers.de\/"},{"@type":"ListItem","position":2,"name":"Repertoire","item":"https:\/\/energydancers.de\/repertoire\/"},{"@type":"ListItem","position":3,"name":"Revue","item":"https:\/\/energydancers.de\/repertoire\/revue\/"},{"@type":"ListItem","position":4,"name":"Revue Cancan"}]},{"@type":"WebSite","@id":"https:\/\/energydancers.de\/#website","url":"https:\/\/energydancers.de\/","name":"Energy Dancers Berlin","description":"Showballett","publisher":{"@id":"https:\/\/energydancers.de\/#organization"},"potentialAction":[{"@type":"SearchAction","target":{"@type":"EntryPoint","urlTemplate":"https:\/\/energydancers.de\/?s={search_term_string}"},"query-input":"required name=search_term_string"}],"inLanguage":"en-GB"},{"@type":"Organization","@id":"https:\/\/energydancers.de\/#organization","name":"Energy Dancers Berlin","url":"https:\/\/energydancers.de\/","logo":{"@type":"ImageObject","inLanguage":"en-GB","@id":"https:\/\/energydancers.de\/#\/schema\/logo\/image\/","url":"https:\/\/energydancers.de\/wp-content\/uploads\/2018\/02\/logo_large.png","contentUrl":"https:\/\/energydancers.de\/wp-content\/uploads\/2018\/02\/logo_large.png","width":582,"height":198,"caption":"Energy Dancers Berlin"},"image":{"@id":"https:\/\/energydancers.de\/#\/schema\/logo\/image\/"},"sameAs":["https:\/\/www.facebook.com\/Energy-Dancers-1796226503971854\/","https:\/\/www.instagram.com\/energy.dancers.berlin\/"]}]}},"_links":{"self":[{"href":"https:\/\/energydancers.de\/en\/wp-json\/wp\/v2\/pages\/727"}],"collection":[{"href":"https:\/\/energydancers.de\/en\/wp-json\/wp\/v2\/pages"}],"about":[{"href":"https:\/\/energydancers.de\/en\/wp-json\/wp\/v2\/types\/page"}],"author":[{"embeddable":true,"href":"https:\/\/energydancers.de\/en\/wp-json\/wp\/v2\/users\/1"}],"replies":[{"embeddable":true,"href":"https:\/\/energydancers.de\/en\/wp-json\/wp\/v2\/comments?post=727"}],"version-history":[{"count":7,"href":"https:\/\/energydancers.de\/en\/wp-json\/wp\/v2\/pages\/727\/revisions"}],"predecessor-version":[{"id":1452,"href":"https:\/\/energydancers.de\/en\/wp-json\/wp\/v2\/pages\/727\/revisions\/1452"}],"up":[{"embeddable":true,"href":"https:\/\/energydancers.de\/en\/wp-json\/wp\/v2\/pages\/186"}],"wp:attachment":[{"href":"https:\/\/energydancers.de\/en\/wp-json\/wp\/v2\/media?parent=727"}],"curies":[{"name":"wp","href":"https:\/\/api.w.org\/{rel}","templated":true}]}}