{"id":784,"date":"2018-03-09T15:06:04","date_gmt":"2018-03-09T14:06:04","guid":{"rendered":"https:\/\/energydancers.de\/?page_id=784"},"modified":"2019-04-18T17:17:55","modified_gmt":"2019-04-18T15:17:55","slug":"mambo-no-5","status":"publish","type":"page","link":"https:\/\/energydancers.de\/en\/repertoire\/latin-brazil\/mambo-no-5\/","title":{"rendered":"Latin\/Brazil <br>Mambo No. 5"},"content":{"rendered":"<p>Mambo No. 5 is a Mambo and Jive dance piece in the original by P\u00e8rez Prado from 1949. It served as an instrumental model for the song by Lou Bega, which became a worldwide million-seller and summer hit in 1999.<\/p>\n<div><\/div>\n<div><\/div>\n<div><a href=\"https:\/\/energydancers.de\/en\/repertoire\/latin-brazil\/\">back<\/a><\/div>\n","protected":false},"excerpt":{"rendered":"<p>Mambo No. 5 is a Mambo and Jive dance piece in the original by P\u00e8rez Prado from 1949. It served as an instrumental model for the song by Lou Bega, which became a worldwide million-seller and summer hit in 1999. back<\/p>\n","protected":false},"author":1,"featured_media":0,"parent":333,"menu_order":0,"comment_status":"closed","ping_status":"closed","template":"","meta":{"footnotes":""},"translation":{"provider":"WPGlobus","version":"2.12.2","language":"en","enabled_languages":["de","en"],"languages":{"de":{"title":true,"content":true,"excerpt":false},"en":{"title":true,"content":true,"excerpt":false}}},"yoast_head":"<!-- This site is optimized with the Yoast SEO plugin v22.5 - https:\/\/yoast.com\/wordpress\/plugins\/seo\/ -->\n<title>Energy Dancers Berlin - Latin\/Brazil - Mambo No. 5<\/title>\n<meta name=\"robots\" content=\"index, follow, max-snippet:-1, max-image-preview:large, max-video-preview:-1\" \/>\n<link rel=\"canonical\" href=\"https:\/\/energydancers.de\/en\/repertoire\/latin-brazil\/mambo-no-5\/\" \/>\n<meta property=\"og:locale\" content=\"en_GB\" \/>\n<meta property=\"og:type\" content=\"article\" \/>\n<meta property=\"og:title\" content=\"Latin\/Brazil Mambo No. 5 - Energy Dancers Berlin\" \/>\n<meta property=\"og:url\" content=\"https:\/\/energydancers.de\/en\/repertoire\/latin-brazil\/mambo-no-5\/\" \/>\n<meta property=\"og:site_name\" content=\"Energy Dancers Berlin\" \/>\n<meta property=\"article:publisher\" content=\"https:\/\/www.facebook.com\/Energy-Dancers-1796226503971854\/\" \/>\n<meta property=\"article:modified_time\" content=\"2019-04-18T15:17:55+00:00\" \/>\n<meta name=\"twitter:card\" content=\"summary_large_image\" \/>\n<script type=\"application\/ld+json\" class=\"yoast-schema-graph\">{\"@context\":\"https:\/\/schema.org\",\"@graph\":[{\"@type\":\"WebPage\",\"@id\":\"https:\/\/energydancers.de\/en\/repertoire\/latin-brazil\/mambo-no-5\/\",\"url\":\"https:\/\/energydancers.de\/en\/repertoire\/latin-brazil\/mambo-no-5\/\",\"name\":\"Energy Dancers Berlin - Latin\/Brazil - Mambo No. 5\",\"isPartOf\":{\"@id\":\"https:\/\/energydancers.de\/#website\"},\"datePublished\":\"2018-03-09T14:06:04+00:00\",\"dateModified\":\"2019-04-18T15:17:55+00:00\",\"description\":\"Mambo No. 5 ist ein Mambo- und Jive-Tanzst\u00fcck im Original von P\u00e8rez Prado aus dem Jahre 1949. Es diente als instrumentale Vorlage f\u00fcr den Song von Lou Bega, der 1999 zum weltweiten Millionenseller und Sommerhit avancierte.\",\"breadcrumb\":{\"@id\":\"https:\/\/energydancers.de\/en\/repertoire\/latin-brazil\/mambo-no-5\/#breadcrumb\"},\"inLanguage\":\"en-GB\",\"potentialAction\":[{\"@type\":\"ReadAction\",\"target\":[\"https:\/\/energydancers.de\/en\/repertoire\/latin-brazil\/mambo-no-5\/\"]}]},{\"@type\":\"BreadcrumbList\",\"@id\":\"https:\/\/energydancers.de\/en\/repertoire\/latin-brazil\/mambo-no-5\/#breadcrumb\",\"itemListElement\":[{\"@type\":\"ListItem\",\"position\":1,\"name\":\"Startseite\",\"item\":\"https:\/\/energydancers.de\/\"},{\"@type\":\"ListItem\",\"position\":2,\"name\":\"Repertoire\",\"item\":\"https:\/\/energydancers.de\/repertoire\/\"},{\"@type\":\"ListItem\",\"position\":3,\"name\":\"Latin\/Brazil\",\"item\":\"https:\/\/energydancers.de\/en\/repertoire\/latin-brazil\/\"},{\"@type\":\"ListItem\",\"position\":4,\"name\":\"Latin\/Brazil Mambo No. 5\"}]},{\"@type\":\"WebSite\",\"@id\":\"https:\/\/energydancers.de\/#website\",\"url\":\"https:\/\/energydancers.de\/\",\"name\":\"Energy Dancers Berlin\",\"description\":\"Showballett\",\"publisher\":{\"@id\":\"https:\/\/energydancers.de\/#organization\"},\"potentialAction\":[{\"@type\":\"SearchAction\",\"target\":{\"@type\":\"EntryPoint\",\"urlTemplate\":\"https:\/\/energydancers.de\/?s={search_term_string}\"},\"query-input\":\"required name=search_term_string\"}],\"inLanguage\":\"en-GB\"},{\"@type\":\"Organization\",\"@id\":\"https:\/\/energydancers.de\/#organization\",\"name\":\"Energy Dancers Berlin\",\"url\":\"https:\/\/energydancers.de\/\",\"logo\":{\"@type\":\"ImageObject\",\"inLanguage\":\"en-GB\",\"@id\":\"https:\/\/energydancers.de\/#\/schema\/logo\/image\/\",\"url\":\"https:\/\/energydancers.de\/wp-content\/uploads\/2018\/02\/logo_large.png\",\"contentUrl\":\"https:\/\/energydancers.de\/wp-content\/uploads\/2018\/02\/logo_large.png\",\"width\":582,\"height\":198,\"caption\":\"Energy Dancers Berlin\"},\"image\":{\"@id\":\"https:\/\/energydancers.de\/#\/schema\/logo\/image\/\"},\"sameAs\":[\"https:\/\/www.facebook.com\/Energy-Dancers-1796226503971854\/\",\"https:\/\/www.instagram.com\/energy.dancers.berlin\/\"]}]}<\/script>\n<!-- \/ Yoast SEO plugin. -->","yoast_head_json":{"title":"Energy Dancers Berlin - Latin\/Brazil - Mambo No. 5","robots":{"index":"index","follow":"follow","max-snippet":"max-snippet:-1","max-image-preview":"max-image-preview:large","max-video-preview":"max-video-preview:-1"},"canonical":"https:\/\/energydancers.de\/en\/repertoire\/latin-brazil\/mambo-no-5\/","og_locale":"en_GB","og_type":"article","og_title":"Latin\/Brazil Mambo No. 5 - Energy Dancers Berlin","og_url":"https:\/\/energydancers.de\/en\/repertoire\/latin-brazil\/mambo-no-5\/","og_site_name":"Energy Dancers Berlin","article_publisher":"https:\/\/www.facebook.com\/Energy-Dancers-1796226503971854\/","article_modified_time":"2019-04-18T15:17:55+00:00","twitter_card":"summary_large_image","schema":{"@context":"https:\/\/schema.org","@graph":[{"@type":"WebPage","@id":"https:\/\/energydancers.de\/en\/repertoire\/latin-brazil\/mambo-no-5\/","url":"https:\/\/energydancers.de\/en\/repertoire\/latin-brazil\/mambo-no-5\/","name":"Energy Dancers Berlin - Latin\/Brazil - Mambo No. 5","isPartOf":{"@id":"https:\/\/energydancers.de\/#website"},"datePublished":"2018-03-09T14:06:04+00:00","dateModified":"2019-04-18T15:17:55+00:00","description":"Mambo No. 5 ist ein Mambo- und Jive-Tanzst\u00fcck im Original von P\u00e8rez Prado aus dem Jahre 1949. Es diente als instrumentale Vorlage f\u00fcr den Song von Lou Bega, der 1999 zum weltweiten Millionenseller und Sommerhit avancierte.","breadcrumb":{"@id":"https:\/\/energydancers.de\/en\/repertoire\/latin-brazil\/mambo-no-5\/#breadcrumb"},"inLanguage":"en-GB","potentialAction":[{"@type":"ReadAction","target":["https:\/\/energydancers.de\/en\/repertoire\/latin-brazil\/mambo-no-5\/"]}]},{"@type":"BreadcrumbList","@id":"https:\/\/energydancers.de\/en\/repertoire\/latin-brazil\/mambo-no-5\/#breadcrumb","itemListElement":[{"@type":"ListItem","position":1,"name":"Startseite","item":"https:\/\/energydancers.de\/"},{"@type":"ListItem","position":2,"name":"Repertoire","item":"https:\/\/energydancers.de\/repertoire\/"},{"@type":"ListItem","position":3,"name":"Latin\/Brazil","item":"https:\/\/energydancers.de\/en\/repertoire\/latin-brazil\/"},{"@type":"ListItem","position":4,"name":"Latin\/Brazil Mambo No. 5"}]},{"@type":"WebSite","@id":"https:\/\/energydancers.de\/#website","url":"https:\/\/energydancers.de\/","name":"Energy Dancers Berlin","description":"Showballett","publisher":{"@id":"https:\/\/energydancers.de\/#organization"},"potentialAction":[{"@type":"SearchAction","target":{"@type":"EntryPoint","urlTemplate":"https:\/\/energydancers.de\/?s={search_term_string}"},"query-input":"required name=search_term_string"}],"inLanguage":"en-GB"},{"@type":"Organization","@id":"https:\/\/energydancers.de\/#organization","name":"Energy Dancers Berlin","url":"https:\/\/energydancers.de\/","logo":{"@type":"ImageObject","inLanguage":"en-GB","@id":"https:\/\/energydancers.de\/#\/schema\/logo\/image\/","url":"https:\/\/energydancers.de\/wp-content\/uploads\/2018\/02\/logo_large.png","contentUrl":"https:\/\/energydancers.de\/wp-content\/uploads\/2018\/02\/logo_large.png","width":582,"height":198,"caption":"Energy Dancers Berlin"},"image":{"@id":"https:\/\/energydancers.de\/#\/schema\/logo\/image\/"},"sameAs":["https:\/\/www.facebook.com\/Energy-Dancers-1796226503971854\/","https:\/\/www.instagram.com\/energy.dancers.berlin\/"]}]}},"_links":{"self":[{"href":"https:\/\/energydancers.de\/en\/wp-json\/wp\/v2\/pages\/784"}],"collection":[{"href":"https:\/\/energydancers.de\/en\/wp-json\/wp\/v2\/pages"}],"about":[{"href":"https:\/\/energydancers.de\/en\/wp-json\/wp\/v2\/types\/page"}],"author":[{"embeddable":true,"href":"https:\/\/energydancers.de\/en\/wp-json\/wp\/v2\/users\/1"}],"replies":[{"embeddable":true,"href":"https:\/\/energydancers.de\/en\/wp-json\/wp\/v2\/comments?post=784"}],"version-history":[{"count":6,"href":"https:\/\/energydancers.de\/en\/wp-json\/wp\/v2\/pages\/784\/revisions"}],"predecessor-version":[{"id":1477,"href":"https:\/\/energydancers.de\/en\/wp-json\/wp\/v2\/pages\/784\/revisions\/1477"}],"up":[{"embeddable":true,"href":"https:\/\/energydancers.de\/en\/wp-json\/wp\/v2\/pages\/333"}],"wp:attachment":[{"href":"https:\/\/energydancers.de\/en\/wp-json\/wp\/v2\/media?parent=784"}],"curies":[{"name":"wp","href":"https:\/\/api.w.org\/{rel}","templated":true}]}}