{"id":791,"date":"2018-03-09T15:52:57","date_gmt":"2018-03-09T14:52:57","guid":{"rendered":"https:\/\/energydancers.de\/?page_id=791"},"modified":"2019-04-18T17:05:45","modified_gmt":"2019-04-18T15:05:45","slug":"twist","status":"publish","type":"page","link":"https:\/\/energydancers.de\/en\/repertoire\/50er-jahre\/twist\/","title":{"rendered":"The Fifties<br>Twist"},"content":{"rendered":"<p>The Twist was a fashion dance in 4\/4 time that became popular in the early 60s. The singer Chubby Checker made this dance popular worldwide with his hit Let&#8217;s Twist Again. A special feature of this couple dance is that the partners do not touch each other while dancing.<\/p>\n<div><div id=\"accordion-1\" class=\"accordion no-js\"><br \/>\n\n\t\t\t\t\t<h4 role=\"button\" id=\"accordion-1-t1\" class=\"accordion-title js-accordion-controller\" aria-controls=\"accordion-1-c1\" aria-expanded=\"false\" tabindex=\"0\" data-initialstate=\"open\">\n\t\t\t\tBilder\t\t\t<\/h4>\n\t\t\n\t\t<div id=\"accordion-1-c1\" class=\"accordion-content\" aria-hidden=\"true\">\n\t\t\t<br \/>\n<br \/>\n\t\t<\/div>\n\n\t\t<br \/>\n\n\t\t\t\t\t<h4 role=\"button\" id=\"accordion-1-t2\" class=\"accordion-title js-accordion-controller\" aria-controls=\"accordion-1-c2\" aria-expanded=\"false\" tabindex=\"0\" data-initialstate=\"closed\">\n\t\t\t\tVideos\t\t\t<\/h4>\n\t\t\n\t\t<div id=\"accordion-1-c2\" class=\"accordion-content\" aria-hidden=\"true\">\n\t\t\t<br \/>\n<br \/>\n\t\t<\/div>\n\n\t\t<\/div><\/div>\n<div><\/div>\n<div><a href=\"https:\/\/energydancers.de\/en\/repertoire\/50er-jahre\/\">back<\/a><\/div>\n","protected":false},"excerpt":{"rendered":"<p>The Twist was a fashion dance in 4\/4 time that became popular in the early 60s. The singer Chubby Checker made this dance popular worldwide with his hit Let&#8217;s Twist Again. A special feature of this couple dance is that the partners do not touch each other while dancing. back<\/p>\n","protected":false},"author":1,"featured_media":0,"parent":335,"menu_order":0,"comment_status":"closed","ping_status":"closed","template":"","meta":{"footnotes":""},"translation":{"provider":"WPGlobus","version":"2.12.2","language":"en","enabled_languages":["de","en"],"languages":{"de":{"title":true,"content":true,"excerpt":false},"en":{"title":true,"content":true,"excerpt":false}}},"yoast_head":"<!-- This site is optimized with the Yoast SEO plugin v22.5 - https:\/\/yoast.com\/wordpress\/plugins\/seo\/ -->\n<title>Energy Dancers Berlin - 50er Jahre - Twist<\/title>\n<meta name=\"robots\" content=\"index, follow, max-snippet:-1, max-image-preview:large, max-video-preview:-1\" \/>\n<link rel=\"canonical\" href=\"https:\/\/energydancers.de\/en\/repertoire\/50er-jahre\/twist\/\" \/>\n<meta property=\"og:locale\" content=\"en_GB\" \/>\n<meta property=\"og:type\" content=\"article\" \/>\n<meta property=\"og:title\" content=\"The FiftiesTwist - Energy Dancers Berlin\" \/>\n<meta property=\"og:url\" content=\"https:\/\/energydancers.de\/en\/repertoire\/50er-jahre\/twist\/\" \/>\n<meta property=\"og:site_name\" content=\"Energy Dancers Berlin\" \/>\n<meta property=\"article:publisher\" content=\"https:\/\/www.facebook.com\/Energy-Dancers-1796226503971854\/\" \/>\n<meta property=\"article:modified_time\" content=\"2019-04-18T15:05:45+00:00\" \/>\n<meta name=\"twitter:card\" content=\"summary_large_image\" \/>\n<meta name=\"twitter:label1\" content=\"Estimated reading time\" \/>\n\t<meta name=\"twitter:data1\" content=\"1 minute\" \/>\n<script type=\"application\/ld+json\" class=\"yoast-schema-graph\">{\"@context\":\"https:\/\/schema.org\",\"@graph\":[{\"@type\":\"WebPage\",\"@id\":\"https:\/\/energydancers.de\/en\/repertoire\/50er-jahre\/twist\/\",\"url\":\"https:\/\/energydancers.de\/en\/repertoire\/50er-jahre\/twist\/\",\"name\":\"Energy Dancers Berlin - 50er Jahre - Twist\",\"isPartOf\":{\"@id\":\"https:\/\/energydancers.de\/#website\"},\"datePublished\":\"2018-03-09T14:52:57+00:00\",\"dateModified\":\"2019-04-18T15:05:45+00:00\",\"description\":\"Der Twist war ein Modetanz im 4\/4-Takt, der in den fr\u00fchen 60er Jahren popul\u00e4r wurde. Der S\u00e4nger Chubby Checker machte diesen Tanz mit seinem Hit Let's Twist Again weltweit popul\u00e4r. Ein besonderes Merkmal dieses Paartanzes ist, dass sich die Partner beim Tanzen nicht ber\u00fchren.\",\"breadcrumb\":{\"@id\":\"https:\/\/energydancers.de\/en\/repertoire\/50er-jahre\/twist\/#breadcrumb\"},\"inLanguage\":\"en-GB\",\"potentialAction\":[{\"@type\":\"ReadAction\",\"target\":[\"https:\/\/energydancers.de\/en\/repertoire\/50er-jahre\/twist\/\"]}]},{\"@type\":\"BreadcrumbList\",\"@id\":\"https:\/\/energydancers.de\/en\/repertoire\/50er-jahre\/twist\/#breadcrumb\",\"itemListElement\":[{\"@type\":\"ListItem\",\"position\":1,\"name\":\"Startseite\",\"item\":\"https:\/\/energydancers.de\/\"},{\"@type\":\"ListItem\",\"position\":2,\"name\":\"Repertoire\",\"item\":\"https:\/\/energydancers.de\/repertoire\/\"},{\"@type\":\"ListItem\",\"position\":3,\"name\":\"The Fifties\",\"item\":\"https:\/\/energydancers.de\/en\/repertoire\/50er-jahre\/\"},{\"@type\":\"ListItem\",\"position\":4,\"name\":\"The FiftiesTwist\"}]},{\"@type\":\"WebSite\",\"@id\":\"https:\/\/energydancers.de\/#website\",\"url\":\"https:\/\/energydancers.de\/\",\"name\":\"Energy Dancers Berlin\",\"description\":\"Showballett\",\"publisher\":{\"@id\":\"https:\/\/energydancers.de\/#organization\"},\"potentialAction\":[{\"@type\":\"SearchAction\",\"target\":{\"@type\":\"EntryPoint\",\"urlTemplate\":\"https:\/\/energydancers.de\/?s={search_term_string}\"},\"query-input\":\"required name=search_term_string\"}],\"inLanguage\":\"en-GB\"},{\"@type\":\"Organization\",\"@id\":\"https:\/\/energydancers.de\/#organization\",\"name\":\"Energy Dancers Berlin\",\"url\":\"https:\/\/energydancers.de\/\",\"logo\":{\"@type\":\"ImageObject\",\"inLanguage\":\"en-GB\",\"@id\":\"https:\/\/energydancers.de\/#\/schema\/logo\/image\/\",\"url\":\"https:\/\/energydancers.de\/wp-content\/uploads\/2018\/02\/logo_large.png\",\"contentUrl\":\"https:\/\/energydancers.de\/wp-content\/uploads\/2018\/02\/logo_large.png\",\"width\":582,\"height\":198,\"caption\":\"Energy Dancers Berlin\"},\"image\":{\"@id\":\"https:\/\/energydancers.de\/#\/schema\/logo\/image\/\"},\"sameAs\":[\"https:\/\/www.facebook.com\/Energy-Dancers-1796226503971854\/\",\"https:\/\/www.instagram.com\/energy.dancers.berlin\/\"]}]}<\/script>\n<!-- \/ Yoast SEO plugin. -->","yoast_head_json":{"title":"Energy Dancers Berlin - 50er Jahre - Twist","robots":{"index":"index","follow":"follow","max-snippet":"max-snippet:-1","max-image-preview":"max-image-preview:large","max-video-preview":"max-video-preview:-1"},"canonical":"https:\/\/energydancers.de\/en\/repertoire\/50er-jahre\/twist\/","og_locale":"en_GB","og_type":"article","og_title":"The FiftiesTwist - Energy Dancers Berlin","og_url":"https:\/\/energydancers.de\/en\/repertoire\/50er-jahre\/twist\/","og_site_name":"Energy Dancers Berlin","article_publisher":"https:\/\/www.facebook.com\/Energy-Dancers-1796226503971854\/","article_modified_time":"2019-04-18T15:05:45+00:00","twitter_card":"summary_large_image","twitter_misc":{"Estimated reading time":"1 minute"},"schema":{"@context":"https:\/\/schema.org","@graph":[{"@type":"WebPage","@id":"https:\/\/energydancers.de\/en\/repertoire\/50er-jahre\/twist\/","url":"https:\/\/energydancers.de\/en\/repertoire\/50er-jahre\/twist\/","name":"Energy Dancers Berlin - 50er Jahre - Twist","isPartOf":{"@id":"https:\/\/energydancers.de\/#website"},"datePublished":"2018-03-09T14:52:57+00:00","dateModified":"2019-04-18T15:05:45+00:00","description":"Der Twist war ein Modetanz im 4\/4-Takt, der in den fr\u00fchen 60er Jahren popul\u00e4r wurde. Der S\u00e4nger Chubby Checker machte diesen Tanz mit seinem Hit Let's Twist Again weltweit popul\u00e4r. Ein besonderes Merkmal dieses Paartanzes ist, dass sich die Partner beim Tanzen nicht ber\u00fchren.","breadcrumb":{"@id":"https:\/\/energydancers.de\/en\/repertoire\/50er-jahre\/twist\/#breadcrumb"},"inLanguage":"en-GB","potentialAction":[{"@type":"ReadAction","target":["https:\/\/energydancers.de\/en\/repertoire\/50er-jahre\/twist\/"]}]},{"@type":"BreadcrumbList","@id":"https:\/\/energydancers.de\/en\/repertoire\/50er-jahre\/twist\/#breadcrumb","itemListElement":[{"@type":"ListItem","position":1,"name":"Startseite","item":"https:\/\/energydancers.de\/"},{"@type":"ListItem","position":2,"name":"Repertoire","item":"https:\/\/energydancers.de\/repertoire\/"},{"@type":"ListItem","position":3,"name":"The Fifties","item":"https:\/\/energydancers.de\/en\/repertoire\/50er-jahre\/"},{"@type":"ListItem","position":4,"name":"The FiftiesTwist"}]},{"@type":"WebSite","@id":"https:\/\/energydancers.de\/#website","url":"https:\/\/energydancers.de\/","name":"Energy Dancers Berlin","description":"Showballett","publisher":{"@id":"https:\/\/energydancers.de\/#organization"},"potentialAction":[{"@type":"SearchAction","target":{"@type":"EntryPoint","urlTemplate":"https:\/\/energydancers.de\/?s={search_term_string}"},"query-input":"required name=search_term_string"}],"inLanguage":"en-GB"},{"@type":"Organization","@id":"https:\/\/energydancers.de\/#organization","name":"Energy Dancers Berlin","url":"https:\/\/energydancers.de\/","logo":{"@type":"ImageObject","inLanguage":"en-GB","@id":"https:\/\/energydancers.de\/#\/schema\/logo\/image\/","url":"https:\/\/energydancers.de\/wp-content\/uploads\/2018\/02\/logo_large.png","contentUrl":"https:\/\/energydancers.de\/wp-content\/uploads\/2018\/02\/logo_large.png","width":582,"height":198,"caption":"Energy Dancers Berlin"},"image":{"@id":"https:\/\/energydancers.de\/#\/schema\/logo\/image\/"},"sameAs":["https:\/\/www.facebook.com\/Energy-Dancers-1796226503971854\/","https:\/\/www.instagram.com\/energy.dancers.berlin\/"]}]}},"_links":{"self":[{"href":"https:\/\/energydancers.de\/en\/wp-json\/wp\/v2\/pages\/791"}],"collection":[{"href":"https:\/\/energydancers.de\/en\/wp-json\/wp\/v2\/pages"}],"about":[{"href":"https:\/\/energydancers.de\/en\/wp-json\/wp\/v2\/types\/page"}],"author":[{"embeddable":true,"href":"https:\/\/energydancers.de\/en\/wp-json\/wp\/v2\/users\/1"}],"replies":[{"embeddable":true,"href":"https:\/\/energydancers.de\/en\/wp-json\/wp\/v2\/comments?post=791"}],"version-history":[{"count":6,"href":"https:\/\/energydancers.de\/en\/wp-json\/wp\/v2\/pages\/791\/revisions"}],"predecessor-version":[{"id":1441,"href":"https:\/\/energydancers.de\/en\/wp-json\/wp\/v2\/pages\/791\/revisions\/1441"}],"up":[{"embeddable":true,"href":"https:\/\/energydancers.de\/en\/wp-json\/wp\/v2\/pages\/335"}],"wp:attachment":[{"href":"https:\/\/energydancers.de\/en\/wp-json\/wp\/v2\/media?parent=791"}],"curies":[{"name":"wp","href":"https:\/\/api.w.org\/{rel}","templated":true}]}}