{"id":831,"date":"2018-03-09T17:23:39","date_gmt":"2018-03-09T16:23:39","guid":{"rendered":"https:\/\/energydancers.de\/?page_id=831"},"modified":"2019-04-18T17:25:40","modified_gmt":"2019-04-18T15:25:40","slug":"walzer-medley","status":"publish","type":"page","link":"https:\/\/energydancers.de\/en\/repertoire\/classic\/walzer-medley\/","title":{"rendered":"Classic<br>Walzer<br>Medley"},"content":{"rendered":"<p>Although Johann Strauss, who was born in Vienna, later also composed operettas, he was court ball music director until 1870. He directed all court balls and composed only dance music until this time, which established his reputation as a waltz king. Our Waltz Medley is a lively collection of the most beautiful Strauss melodies.<\/p>\n<div id=\"accordion-1\" class=\"accordion no-js\"><br \/>\n\n\t\t\t\t\t<h4 role=\"button\" id=\"accordion-1-t1\" class=\"accordion-title js-accordion-controller\" aria-controls=\"accordion-1-c1\" aria-expanded=\"false\" tabindex=\"0\" data-initialstate=\"open\">\n\t\t\t\tBilder\t\t\t<\/h4>\n\t\t\n\t\t<div id=\"accordion-1-c1\" class=\"accordion-content\" aria-hidden=\"true\">\n\t\t\t<br \/>\n<br \/>\n\t\t<\/div>\n\n\t\t<br \/>\n\n\t\t\t\t\t<h4 role=\"button\" id=\"accordion-1-t2\" class=\"accordion-title js-accordion-controller\" aria-controls=\"accordion-1-c2\" aria-expanded=\"false\" tabindex=\"0\" data-initialstate=\"closed\">\n\t\t\t\tVideos\t\t\t<\/h4>\n\t\t\n\t\t<div id=\"accordion-1-c2\" class=\"accordion-content\" aria-hidden=\"true\">\n\t\t\t<br \/>\n<br \/>\n\t\t<\/div>\n\n\t\t<\/div>\n<div><a href=\"https:\/\/energydancers.de\/en\/repertoire\/classic\/\">back<\/a><\/div>\n","protected":false},"excerpt":{"rendered":"<p>Although Johann Strauss, who was born in Vienna, later also composed operettas, he was court ball music director until 1870. He directed all court balls and composed only dance music until this time, which established his reputation as a waltz king. Our Waltz Medley is a lively collection of the most beautiful Strauss melodies. back<\/p>\n","protected":false},"author":1,"featured_media":0,"parent":341,"menu_order":0,"comment_status":"closed","ping_status":"closed","template":"","meta":{"footnotes":""},"translation":{"provider":"WPGlobus","version":"2.12.2","language":"en","enabled_languages":["de","en"],"languages":{"de":{"title":true,"content":true,"excerpt":false},"en":{"title":true,"content":true,"excerpt":false}}},"yoast_head":"<!-- This site is optimized with the Yoast SEO plugin v22.5 - https:\/\/yoast.com\/wordpress\/plugins\/seo\/ -->\n<title>Energy Dancers Berlin - Classic - Walzer Medley<\/title>\n<meta name=\"robots\" content=\"index, follow, max-snippet:-1, max-image-preview:large, max-video-preview:-1\" \/>\n<link rel=\"canonical\" href=\"https:\/\/energydancers.de\/repertoire\/classic\/walzer-medley\/\" \/>\n<meta property=\"og:locale\" content=\"en_GB\" \/>\n<meta property=\"og:type\" content=\"article\" \/>\n<meta property=\"og:title\" content=\"ClassicWalzerMedley - Energy Dancers Berlin\" \/>\n<meta property=\"og:url\" content=\"https:\/\/energydancers.de\/repertoire\/classic\/walzer-medley\/\" \/>\n<meta property=\"og:site_name\" content=\"Energy Dancers Berlin\" \/>\n<meta property=\"article:publisher\" content=\"https:\/\/www.facebook.com\/Energy-Dancers-1796226503971854\/\" \/>\n<meta property=\"article:modified_time\" content=\"2019-04-18T15:25:40+00:00\" \/>\n<meta name=\"twitter:card\" content=\"summary_large_image\" \/>\n<meta name=\"twitter:label1\" content=\"Estimated reading time\" \/>\n\t<meta name=\"twitter:data1\" content=\"1 minute\" \/>\n<script type=\"application\/ld+json\" class=\"yoast-schema-graph\">{\"@context\":\"https:\/\/schema.org\",\"@graph\":[{\"@type\":\"WebPage\",\"@id\":\"https:\/\/energydancers.de\/repertoire\/classic\/walzer-medley\/\",\"url\":\"https:\/\/energydancers.de\/repertoire\/classic\/walzer-medley\/\",\"name\":\"Energy Dancers Berlin - Classic - Walzer Medley\",\"isPartOf\":{\"@id\":\"https:\/\/energydancers.de\/#website\"},\"datePublished\":\"2018-03-09T16:23:39+00:00\",\"dateModified\":\"2019-04-18T15:25:40+00:00\",\"description\":\"Obwohl der geb\u00fcrtige Wiener Johann Strau\u00df sp\u00e4ter auch Operetten komponierte, war er bis 1870 Hofball-Musikdirektor. Er leitete alle Hofb\u00e4lle und komponierte bis zu diesem Zeitpunkt nur Tanzmusik, was seinen Ruf als Walzerk\u00f6nig begr\u00fcndet. Unser Walzer Medley ist eine beschwingte Kollektion der sch\u00f6nsten Stau\u00dfmelodien.\",\"breadcrumb\":{\"@id\":\"https:\/\/energydancers.de\/repertoire\/classic\/walzer-medley\/#breadcrumb\"},\"inLanguage\":\"en-GB\",\"potentialAction\":[{\"@type\":\"ReadAction\",\"target\":[\"https:\/\/energydancers.de\/repertoire\/classic\/walzer-medley\/\"]}]},{\"@type\":\"BreadcrumbList\",\"@id\":\"https:\/\/energydancers.de\/repertoire\/classic\/walzer-medley\/#breadcrumb\",\"itemListElement\":[{\"@type\":\"ListItem\",\"position\":1,\"name\":\"Startseite\",\"item\":\"https:\/\/energydancers.de\/\"},{\"@type\":\"ListItem\",\"position\":2,\"name\":\"Repertoire\",\"item\":\"https:\/\/energydancers.de\/repertoire\/\"},{\"@type\":\"ListItem\",\"position\":3,\"name\":\"Classic\",\"item\":\"https:\/\/energydancers.de\/repertoire\/classic\/\"},{\"@type\":\"ListItem\",\"position\":4,\"name\":\"Classic WalzerMedley\"}]},{\"@type\":\"WebSite\",\"@id\":\"https:\/\/energydancers.de\/#website\",\"url\":\"https:\/\/energydancers.de\/\",\"name\":\"Energy Dancers Berlin\",\"description\":\"Showballett\",\"publisher\":{\"@id\":\"https:\/\/energydancers.de\/#organization\"},\"potentialAction\":[{\"@type\":\"SearchAction\",\"target\":{\"@type\":\"EntryPoint\",\"urlTemplate\":\"https:\/\/energydancers.de\/?s={search_term_string}\"},\"query-input\":\"required name=search_term_string\"}],\"inLanguage\":\"en-GB\"},{\"@type\":\"Organization\",\"@id\":\"https:\/\/energydancers.de\/#organization\",\"name\":\"Energy Dancers Berlin\",\"url\":\"https:\/\/energydancers.de\/\",\"logo\":{\"@type\":\"ImageObject\",\"inLanguage\":\"en-GB\",\"@id\":\"https:\/\/energydancers.de\/#\/schema\/logo\/image\/\",\"url\":\"https:\/\/energydancers.de\/wp-content\/uploads\/2018\/02\/logo_large.png\",\"contentUrl\":\"https:\/\/energydancers.de\/wp-content\/uploads\/2018\/02\/logo_large.png\",\"width\":582,\"height\":198,\"caption\":\"Energy Dancers Berlin\"},\"image\":{\"@id\":\"https:\/\/energydancers.de\/#\/schema\/logo\/image\/\"},\"sameAs\":[\"https:\/\/www.facebook.com\/Energy-Dancers-1796226503971854\/\",\"https:\/\/www.instagram.com\/energy.dancers.berlin\/\"]}]}<\/script>\n<!-- \/ Yoast SEO plugin. -->","yoast_head_json":{"title":"Energy Dancers Berlin - Classic - Walzer Medley","robots":{"index":"index","follow":"follow","max-snippet":"max-snippet:-1","max-image-preview":"max-image-preview:large","max-video-preview":"max-video-preview:-1"},"canonical":"https:\/\/energydancers.de\/repertoire\/classic\/walzer-medley\/","og_locale":"en_GB","og_type":"article","og_title":"ClassicWalzerMedley - Energy Dancers Berlin","og_url":"https:\/\/energydancers.de\/repertoire\/classic\/walzer-medley\/","og_site_name":"Energy Dancers Berlin","article_publisher":"https:\/\/www.facebook.com\/Energy-Dancers-1796226503971854\/","article_modified_time":"2019-04-18T15:25:40+00:00","twitter_card":"summary_large_image","twitter_misc":{"Estimated reading time":"1 minute"},"schema":{"@context":"https:\/\/schema.org","@graph":[{"@type":"WebPage","@id":"https:\/\/energydancers.de\/repertoire\/classic\/walzer-medley\/","url":"https:\/\/energydancers.de\/repertoire\/classic\/walzer-medley\/","name":"Energy Dancers Berlin - Classic - Walzer Medley","isPartOf":{"@id":"https:\/\/energydancers.de\/#website"},"datePublished":"2018-03-09T16:23:39+00:00","dateModified":"2019-04-18T15:25:40+00:00","description":"Obwohl der geb\u00fcrtige Wiener Johann Strau\u00df sp\u00e4ter auch Operetten komponierte, war er bis 1870 Hofball-Musikdirektor. Er leitete alle Hofb\u00e4lle und komponierte bis zu diesem Zeitpunkt nur Tanzmusik, was seinen Ruf als Walzerk\u00f6nig begr\u00fcndet. Unser Walzer Medley ist eine beschwingte Kollektion der sch\u00f6nsten Stau\u00dfmelodien.","breadcrumb":{"@id":"https:\/\/energydancers.de\/repertoire\/classic\/walzer-medley\/#breadcrumb"},"inLanguage":"en-GB","potentialAction":[{"@type":"ReadAction","target":["https:\/\/energydancers.de\/repertoire\/classic\/walzer-medley\/"]}]},{"@type":"BreadcrumbList","@id":"https:\/\/energydancers.de\/repertoire\/classic\/walzer-medley\/#breadcrumb","itemListElement":[{"@type":"ListItem","position":1,"name":"Startseite","item":"https:\/\/energydancers.de\/"},{"@type":"ListItem","position":2,"name":"Repertoire","item":"https:\/\/energydancers.de\/repertoire\/"},{"@type":"ListItem","position":3,"name":"Classic","item":"https:\/\/energydancers.de\/repertoire\/classic\/"},{"@type":"ListItem","position":4,"name":"Classic WalzerMedley"}]},{"@type":"WebSite","@id":"https:\/\/energydancers.de\/#website","url":"https:\/\/energydancers.de\/","name":"Energy Dancers Berlin","description":"Showballett","publisher":{"@id":"https:\/\/energydancers.de\/#organization"},"potentialAction":[{"@type":"SearchAction","target":{"@type":"EntryPoint","urlTemplate":"https:\/\/energydancers.de\/?s={search_term_string}"},"query-input":"required name=search_term_string"}],"inLanguage":"en-GB"},{"@type":"Organization","@id":"https:\/\/energydancers.de\/#organization","name":"Energy Dancers Berlin","url":"https:\/\/energydancers.de\/","logo":{"@type":"ImageObject","inLanguage":"en-GB","@id":"https:\/\/energydancers.de\/#\/schema\/logo\/image\/","url":"https:\/\/energydancers.de\/wp-content\/uploads\/2018\/02\/logo_large.png","contentUrl":"https:\/\/energydancers.de\/wp-content\/uploads\/2018\/02\/logo_large.png","width":582,"height":198,"caption":"Energy Dancers Berlin"},"image":{"@id":"https:\/\/energydancers.de\/#\/schema\/logo\/image\/"},"sameAs":["https:\/\/www.facebook.com\/Energy-Dancers-1796226503971854\/","https:\/\/www.instagram.com\/energy.dancers.berlin\/"]}]}},"_links":{"self":[{"href":"https:\/\/energydancers.de\/en\/wp-json\/wp\/v2\/pages\/831"}],"collection":[{"href":"https:\/\/energydancers.de\/en\/wp-json\/wp\/v2\/pages"}],"about":[{"href":"https:\/\/energydancers.de\/en\/wp-json\/wp\/v2\/types\/page"}],"author":[{"embeddable":true,"href":"https:\/\/energydancers.de\/en\/wp-json\/wp\/v2\/users\/1"}],"replies":[{"embeddable":true,"href":"https:\/\/energydancers.de\/en\/wp-json\/wp\/v2\/comments?post=831"}],"version-history":[{"count":9,"href":"https:\/\/energydancers.de\/en\/wp-json\/wp\/v2\/pages\/831\/revisions"}],"predecessor-version":[{"id":1495,"href":"https:\/\/energydancers.de\/en\/wp-json\/wp\/v2\/pages\/831\/revisions\/1495"}],"up":[{"embeddable":true,"href":"https:\/\/energydancers.de\/en\/wp-json\/wp\/v2\/pages\/341"}],"wp:attachment":[{"href":"https:\/\/energydancers.de\/en\/wp-json\/wp\/v2\/media?parent=831"}],"curies":[{"name":"wp","href":"https:\/\/api.w.org\/{rel}","templated":true}]}}