{"id":852,"date":"2018-03-09T17:53:36","date_gmt":"2018-03-09T16:53:36","guid":{"rendered":"https:\/\/energydancers.de\/?page_id=852"},"modified":"2019-04-18T17:19:03","modified_gmt":"2019-04-18T15:19:03","slug":"alt-berlin-medley","status":"publish","type":"page","link":"https:\/\/energydancers.de\/en\/repertoire\/german-dance\/alt-berlin-medley\/","title":{"rendered":"German Dance <br>Alt-Berlin Medley"},"content":{"rendered":"<h3>Zille sends his regards<\/h3>\n<p>&#8220;Das ist die Berliner Luft&#8221; (This is the Berlin air), &#8220;Hinterm Ofen sitzt &#8216;ne Maus&#8221; (A mouse sits behind the oven) and &#8220;Bis um F\u00fcnfe s\u00fc\u00dfe Maus&#8221; (Until 5 a.m. darling) are just a few of the popular songs with which our Old Berlin Medley revives one of the hippest city of the early 20th century.<\/p>\n<div><\/div>\n<div><\/div>\n<div><a href=\"https:\/\/energydancers.de\/en\/repertoire\/german-dance\/\">back<\/a><\/div>\n","protected":false},"excerpt":{"rendered":"<p>Zille sends his regards &#8220;Das ist die Berliner Luft&#8221; (This is the Berlin air), &#8220;Hinterm Ofen sitzt &#8216;ne Maus&#8221; (A mouse sits behind the oven) and &#8220;Bis um F\u00fcnfe s\u00fc\u00dfe Maus&#8221; (Until 5 a.m. darling) are just a few of the popular songs with which our Old Berlin Medley revives one of the hippest city &hellip; <\/p>\n<p class=\"link-more\"><a href=\"https:\/\/energydancers.de\/en\/repertoire\/german-dance\/alt-berlin-medley\/\" class=\"more-link\">Continue reading<span class=\"screen-reader-text\"> &#8220;German Dance <br \/>Alt-Berlin Medley&#8221;<\/span><\/a><\/p>\n","protected":false},"author":1,"featured_media":0,"parent":345,"menu_order":0,"comment_status":"closed","ping_status":"closed","template":"","meta":{"footnotes":""},"translation":{"provider":"WPGlobus","version":"2.12.2","language":"en","enabled_languages":["de","en"],"languages":{"de":{"title":true,"content":true,"excerpt":false},"en":{"title":true,"content":true,"excerpt":false}}},"yoast_head":"<!-- This site is optimized with the Yoast SEO plugin v22.5 - https:\/\/yoast.com\/wordpress\/plugins\/seo\/ -->\n<title>Energy Dancers Berlin - German Dance - Alt-Berlin Medley<\/title>\n<meta name=\"robots\" content=\"index, follow, max-snippet:-1, max-image-preview:large, max-video-preview:-1\" \/>\n<link rel=\"canonical\" href=\"https:\/\/energydancers.de\/repertoire\/german-dance\/alt-berlin-medley\/\" \/>\n<meta property=\"og:locale\" content=\"en_GB\" \/>\n<meta property=\"og:type\" content=\"article\" \/>\n<meta property=\"og:title\" content=\"German Dance Alt-Berlin Medley - Energy Dancers Berlin\" \/>\n<meta property=\"og:url\" content=\"https:\/\/energydancers.de\/repertoire\/german-dance\/alt-berlin-medley\/\" \/>\n<meta property=\"og:site_name\" content=\"Energy Dancers Berlin\" \/>\n<meta property=\"article:publisher\" content=\"https:\/\/www.facebook.com\/Energy-Dancers-1796226503971854\/\" \/>\n<meta property=\"article:modified_time\" content=\"2019-04-18T15:19:03+00:00\" \/>\n<meta name=\"twitter:card\" content=\"summary_large_image\" \/>\n<meta name=\"twitter:label1\" content=\"Estimated reading time\" \/>\n\t<meta name=\"twitter:data1\" content=\"1 minute\" \/>\n<script type=\"application\/ld+json\" class=\"yoast-schema-graph\">{\"@context\":\"https:\/\/schema.org\",\"@graph\":[{\"@type\":\"WebPage\",\"@id\":\"https:\/\/energydancers.de\/repertoire\/german-dance\/alt-berlin-medley\/\",\"url\":\"https:\/\/energydancers.de\/repertoire\/german-dance\/alt-berlin-medley\/\",\"name\":\"Energy Dancers Berlin - German Dance - Alt-Berlin Medley\",\"isPartOf\":{\"@id\":\"https:\/\/energydancers.de\/#website\"},\"datePublished\":\"2018-03-09T16:53:36+00:00\",\"dateModified\":\"2019-04-18T15:19:03+00:00\",\"description\":\"\\\"Das ist die Berliner Luft\\\", \\\"Hinterm Ofen sitzt 'ne Maus\\\" und \\\"Bis um F\u00fcnfe s\u00fc\u00dfe Maus\\\" sind nur einige der Gassenhauer, mit denen unser Alt-Berlin Medley die angesagteste Stadt des angehenden 20. Jahrhunderts wieder aufleben lassen.\",\"breadcrumb\":{\"@id\":\"https:\/\/energydancers.de\/repertoire\/german-dance\/alt-berlin-medley\/#breadcrumb\"},\"inLanguage\":\"en-GB\",\"potentialAction\":[{\"@type\":\"ReadAction\",\"target\":[\"https:\/\/energydancers.de\/repertoire\/german-dance\/alt-berlin-medley\/\"]}]},{\"@type\":\"BreadcrumbList\",\"@id\":\"https:\/\/energydancers.de\/repertoire\/german-dance\/alt-berlin-medley\/#breadcrumb\",\"itemListElement\":[{\"@type\":\"ListItem\",\"position\":1,\"name\":\"Startseite\",\"item\":\"https:\/\/energydancers.de\/\"},{\"@type\":\"ListItem\",\"position\":2,\"name\":\"Repertoire\",\"item\":\"https:\/\/energydancers.de\/repertoire\/\"},{\"@type\":\"ListItem\",\"position\":3,\"name\":\"German Dance\",\"item\":\"https:\/\/energydancers.de\/repertoire\/german-dance\/\"},{\"@type\":\"ListItem\",\"position\":4,\"name\":\"German Dance Alt-Berlin Medley\"}]},{\"@type\":\"WebSite\",\"@id\":\"https:\/\/energydancers.de\/#website\",\"url\":\"https:\/\/energydancers.de\/\",\"name\":\"Energy Dancers Berlin\",\"description\":\"Showballett\",\"publisher\":{\"@id\":\"https:\/\/energydancers.de\/#organization\"},\"potentialAction\":[{\"@type\":\"SearchAction\",\"target\":{\"@type\":\"EntryPoint\",\"urlTemplate\":\"https:\/\/energydancers.de\/?s={search_term_string}\"},\"query-input\":\"required name=search_term_string\"}],\"inLanguage\":\"en-GB\"},{\"@type\":\"Organization\",\"@id\":\"https:\/\/energydancers.de\/#organization\",\"name\":\"Energy Dancers Berlin\",\"url\":\"https:\/\/energydancers.de\/\",\"logo\":{\"@type\":\"ImageObject\",\"inLanguage\":\"en-GB\",\"@id\":\"https:\/\/energydancers.de\/#\/schema\/logo\/image\/\",\"url\":\"https:\/\/energydancers.de\/wp-content\/uploads\/2018\/02\/logo_large.png\",\"contentUrl\":\"https:\/\/energydancers.de\/wp-content\/uploads\/2018\/02\/logo_large.png\",\"width\":582,\"height\":198,\"caption\":\"Energy Dancers Berlin\"},\"image\":{\"@id\":\"https:\/\/energydancers.de\/#\/schema\/logo\/image\/\"},\"sameAs\":[\"https:\/\/www.facebook.com\/Energy-Dancers-1796226503971854\/\",\"https:\/\/www.instagram.com\/energy.dancers.berlin\/\"]}]}<\/script>\n<!-- \/ Yoast SEO plugin. -->","yoast_head_json":{"title":"Energy Dancers Berlin - German Dance - Alt-Berlin Medley","robots":{"index":"index","follow":"follow","max-snippet":"max-snippet:-1","max-image-preview":"max-image-preview:large","max-video-preview":"max-video-preview:-1"},"canonical":"https:\/\/energydancers.de\/repertoire\/german-dance\/alt-berlin-medley\/","og_locale":"en_GB","og_type":"article","og_title":"German Dance Alt-Berlin Medley - Energy Dancers Berlin","og_url":"https:\/\/energydancers.de\/repertoire\/german-dance\/alt-berlin-medley\/","og_site_name":"Energy Dancers Berlin","article_publisher":"https:\/\/www.facebook.com\/Energy-Dancers-1796226503971854\/","article_modified_time":"2019-04-18T15:19:03+00:00","twitter_card":"summary_large_image","twitter_misc":{"Estimated reading time":"1 minute"},"schema":{"@context":"https:\/\/schema.org","@graph":[{"@type":"WebPage","@id":"https:\/\/energydancers.de\/repertoire\/german-dance\/alt-berlin-medley\/","url":"https:\/\/energydancers.de\/repertoire\/german-dance\/alt-berlin-medley\/","name":"Energy Dancers Berlin - German Dance - Alt-Berlin Medley","isPartOf":{"@id":"https:\/\/energydancers.de\/#website"},"datePublished":"2018-03-09T16:53:36+00:00","dateModified":"2019-04-18T15:19:03+00:00","description":"\"Das ist die Berliner Luft\", \"Hinterm Ofen sitzt 'ne Maus\" und \"Bis um F\u00fcnfe s\u00fc\u00dfe Maus\" sind nur einige der Gassenhauer, mit denen unser Alt-Berlin Medley die angesagteste Stadt des angehenden 20. Jahrhunderts wieder aufleben lassen.","breadcrumb":{"@id":"https:\/\/energydancers.de\/repertoire\/german-dance\/alt-berlin-medley\/#breadcrumb"},"inLanguage":"en-GB","potentialAction":[{"@type":"ReadAction","target":["https:\/\/energydancers.de\/repertoire\/german-dance\/alt-berlin-medley\/"]}]},{"@type":"BreadcrumbList","@id":"https:\/\/energydancers.de\/repertoire\/german-dance\/alt-berlin-medley\/#breadcrumb","itemListElement":[{"@type":"ListItem","position":1,"name":"Startseite","item":"https:\/\/energydancers.de\/"},{"@type":"ListItem","position":2,"name":"Repertoire","item":"https:\/\/energydancers.de\/repertoire\/"},{"@type":"ListItem","position":3,"name":"German Dance","item":"https:\/\/energydancers.de\/repertoire\/german-dance\/"},{"@type":"ListItem","position":4,"name":"German Dance Alt-Berlin Medley"}]},{"@type":"WebSite","@id":"https:\/\/energydancers.de\/#website","url":"https:\/\/energydancers.de\/","name":"Energy Dancers Berlin","description":"Showballett","publisher":{"@id":"https:\/\/energydancers.de\/#organization"},"potentialAction":[{"@type":"SearchAction","target":{"@type":"EntryPoint","urlTemplate":"https:\/\/energydancers.de\/?s={search_term_string}"},"query-input":"required name=search_term_string"}],"inLanguage":"en-GB"},{"@type":"Organization","@id":"https:\/\/energydancers.de\/#organization","name":"Energy Dancers Berlin","url":"https:\/\/energydancers.de\/","logo":{"@type":"ImageObject","inLanguage":"en-GB","@id":"https:\/\/energydancers.de\/#\/schema\/logo\/image\/","url":"https:\/\/energydancers.de\/wp-content\/uploads\/2018\/02\/logo_large.png","contentUrl":"https:\/\/energydancers.de\/wp-content\/uploads\/2018\/02\/logo_large.png","width":582,"height":198,"caption":"Energy Dancers Berlin"},"image":{"@id":"https:\/\/energydancers.de\/#\/schema\/logo\/image\/"},"sameAs":["https:\/\/www.facebook.com\/Energy-Dancers-1796226503971854\/","https:\/\/www.instagram.com\/energy.dancers.berlin\/"]}]}},"_links":{"self":[{"href":"https:\/\/energydancers.de\/en\/wp-json\/wp\/v2\/pages\/852"}],"collection":[{"href":"https:\/\/energydancers.de\/en\/wp-json\/wp\/v2\/pages"}],"about":[{"href":"https:\/\/energydancers.de\/en\/wp-json\/wp\/v2\/types\/page"}],"author":[{"embeddable":true,"href":"https:\/\/energydancers.de\/en\/wp-json\/wp\/v2\/users\/1"}],"replies":[{"embeddable":true,"href":"https:\/\/energydancers.de\/en\/wp-json\/wp\/v2\/comments?post=852"}],"version-history":[{"count":6,"href":"https:\/\/energydancers.de\/en\/wp-json\/wp\/v2\/pages\/852\/revisions"}],"predecessor-version":[{"id":1482,"href":"https:\/\/energydancers.de\/en\/wp-json\/wp\/v2\/pages\/852\/revisions\/1482"}],"up":[{"embeddable":true,"href":"https:\/\/energydancers.de\/en\/wp-json\/wp\/v2\/pages\/345"}],"wp:attachment":[{"href":"https:\/\/energydancers.de\/en\/wp-json\/wp\/v2\/media?parent=852"}],"curies":[{"name":"wp","href":"https:\/\/api.w.org\/{rel}","templated":true}]}}